{"id":5,"date":"2023-07-23T14:01:12","date_gmt":"2023-07-23T12:01:12","guid":{"rendered":"https:\/\/www.m-kovo.cz\/?page_id=5"},"modified":"2024-05-09T08:04:29","modified_gmt":"2024-05-09T06:04:29","slug":"domu","status":"publish","type":"page","link":"https:\/\/www.m-kovo.cz\/","title":{"rendered":"V\u00edtejte"},"content":{"rendered":"\n<div class=\"alignnormal\"><div id=\"metaslider-id-320\" style=\"max-width: 2560px;\" class=\"ml-slider-3-90-1 metaslider metaslider-flex metaslider-320 ml-slider ms-theme-default nav-hidden\" role=\"region\" aria-roledescription=\"Slideshow\" aria-label=\"New Slideshow\">\n    <div id=\"metaslider_container_320\">\n        <div id=\"metaslider_320\">\n            <ul class='slides'>\n                <li style=\"display: block; width: 100%;\" class=\"slide-321 ms-image \" aria-roledescription=\"slide\" aria-label=\"slide-321\"><img loading=\"lazy\" decoding=\"async\" src=\"https:\/\/www.m-kovo.cz\/wp-content\/uploads\/2023\/08\/M-KOVO_hala_B-scaled-2560x710.jpg\" height=\"710\" width=\"2560\" alt=\"\" class=\"slider-320 slide-321\" title=\"M-KOVO_hala_B\" \/><div class=\"caption-wrap\"><div class=\"caption\"><div style=\"text-align:right;\">Zvy\u0161ujeme energetickou sob\u011bsta\u010dnost pro dosa\u017een\u00ed uhl\u00edkov\u00e9 neutrality are\u00e1lu spole\u010dnosti<br \/>M - KOVO s.r.o.<\/div><\/div><\/div><\/li>\n                <li style=\"display: none; width: 100%;\" class=\"slide-324 ms-image \" aria-roledescription=\"slide\" aria-label=\"slide-324\"><img loading=\"lazy\" decoding=\"async\" src=\"https:\/\/www.m-kovo.cz\/wp-content\/uploads\/2023\/08\/cropped-projekce_CAD_CAM-scaled.jpg\" height=\"710\" width=\"2560\" alt=\"\" class=\"slider-320 slide-324\" title=\"cropped-projekce_CAD_CAM.jpg\" \/><\/li>\n                <li style=\"display: none; width: 100%;\" class=\"slide-322 ms-image \" aria-roledescription=\"slide\" aria-label=\"slide-322\"><img loading=\"lazy\" decoding=\"async\" src=\"https:\/\/www.m-kovo.cz\/wp-content\/uploads\/2023\/08\/cropped-3D_CNC_vyroba-scaled-2556x709.jpg\" height=\"710\" width=\"2560\" alt=\"\" class=\"slider-320 slide-322\" title=\"cropped-3D_CNC_vyroba.jpg\" \/><\/li>\n                <li style=\"display: none; width: 100%;\" class=\"slide-323 ms-image \" aria-roledescription=\"slide\" aria-label=\"slide-323\"><img loading=\"lazy\" decoding=\"async\" src=\"https:\/\/www.m-kovo.cz\/wp-content\/uploads\/2023\/08\/cropped-3D_CNC_kovovyroba-scaled.jpg\" height=\"710\" width=\"2560\" alt=\"\" class=\"slider-320 slide-323\" title=\"cropped-3D_CNC_kovovyroba.jpg\" \/><\/li>\n            <\/ul>\n        <\/div>\n        \n    <\/div>\n<\/div><\/div>\n","protected":false},"excerpt":{"rendered":"","protected":false},"author":2,"featured_media":0,"parent":0,"menu_order":0,"comment_status":"closed","ping_status":"closed","template":"","meta":{"footnotes":""},"class_list":["post-5","page","type-page","status-publish","hentry"],"_links":{"self":[{"href":"https:\/\/www.m-kovo.cz\/index.php\/wp-json\/wp\/v2\/pages\/5","targetHints":{"allow":["GET"]}}],"collection":[{"href":"https:\/\/www.m-kovo.cz\/index.php\/wp-json\/wp\/v2\/pages"}],"about":[{"href":"https:\/\/www.m-kovo.cz\/index.php\/wp-json\/wp\/v2\/types\/page"}],"author":[{"embeddable":true,"href":"https:\/\/www.m-kovo.cz\/index.php\/wp-json\/wp\/v2\/users\/2"}],"replies":[{"embeddable":true,"href":"https:\/\/www.m-kovo.cz\/index.php\/wp-json\/wp\/v2\/comments?post=5"}],"version-history":[{"count":15,"href":"https:\/\/www.m-kovo.cz\/index.php\/wp-json\/wp\/v2\/pages\/5\/revisions"}],"predecessor-version":[{"id":334,"href":"https:\/\/www.m-kovo.cz\/index.php\/wp-json\/wp\/v2\/pages\/5\/revisions\/334"}],"wp:attachment":[{"href":"https:\/\/www.m-kovo.cz\/index.php\/wp-json\/wp\/v2\/media?parent=5"}],"curies":[{"name":"wp","href":"https:\/\/api.w.org\/{rel}","templated":true}]}}