{"id":337,"date":"2024-05-09T13:49:31","date_gmt":"2024-05-09T11:49:31","guid":{"rendered":"https:\/\/www.m-kovo.cz\/?page_id=337"},"modified":"2024-05-09T14:14:57","modified_gmt":"2024-05-09T12:14:57","slug":"cinnost","status":"publish","type":"page","link":"https:\/\/www.m-kovo.cz\/index.php\/cinnost\/","title":{"rendered":"\u010cinnost"},"content":{"rendered":"\n<p class=\"has-medium-font-size\"><strong>Stroj\u00edrensk\u00e1 v\u00fdroba<\/strong><\/p>\n\n\n\n<ul class=\"wp-block-list\">\n<li>soustru\u017enick\u00e9 jednov\u0159etenov\u00e9 automaty do pr. 50 mm&nbsp;&nbsp;&nbsp;(s\u00e9rie d\u00edl\u016f cca 10 000 a\u017e 100 000 kus\u016f)<\/li>\n\n\n\n<li>dokon\u010dovac\u00ed automaty<\/li>\n\n\n\n<li>klasick\u00e9 soustruhy<\/li>\n\n\n\n<li>klasick\u00e9 fr\u00e9zy<\/li>\n\n\n\n<li>v\u00fdst\u0159edn\u00edkov\u00e9 lisy do 20 &#8211; 100 tun tlaku<\/li>\n\n\n\n<li>hydraulick\u00e9 lisy<\/li>\n<\/ul>\n\n\n\n<p class=\"has-medium-font-size\"><strong>Z\u00e1me\u010dnick\u00e1 v\u00fdroba<\/strong><\/p>\n\n\n\n<ul class=\"wp-block-list\">\n<li>tv\u00e1\u0159en\u00ed plechu<\/li>\n\n\n\n<li>sv\u00e1\u0159en\u00ed plechu TIG, MIG<\/li>\n\n\n\n<li>p\u00e1len\u00ed plech\u016f (PLASMA max. 30 mm s\u00edla)<\/li>\n\n\n\n<li>v\u00fdroba konstrukc\u00ed jednicov\u00e1 v\u00e1ha 7 500 kg (port\u00e1lov\u00fd je\u0159\u00e1b)<\/li>\n<\/ul>\n\n\n\n<p class=\"has-medium-font-size\"><strong>N\u00e1stroja\u0159sk\u00e1 v\u00fdroba<\/strong><\/p>\n\n\n\n<ul class=\"wp-block-list\">\n<li>v\u00fdroba n\u00e1stroj\u016f pot\u0159ebn\u00fdch pro lisa\u0159sk\u00e9 pr\u00e1ce<\/li>\n\n\n\n<li>CNC fr\u00e9zy<\/li>\n\n\n\n<li>CNC soustruhy<\/li>\n\n\n\n<li>odborn\u00e9 a speci\u00e1ln\u00ed kusov\u00e9 pr\u00e1ce<\/li>\n\n\n\n<li>vlastn\u00ed technologie<\/li>\n<\/ul>\n\n\n\n<figure class=\"wp-block-gallery has-nested-images columns-8 is-cropped wp-block-gallery-1 is-layout-flex wp-block-gallery-is-layout-flex\">\n<figure class=\"wp-block-image size-large\"><img loading=\"lazy\" decoding=\"async\" width=\"600\" height=\"400\" data-id=\"223\" src=\"https:\/\/www.m-kovo.cz\/wp-content\/uploads\/2023\/11\/3D_obrobek_velky-1.jpg\" alt=\"\" class=\"wp-image-223\" srcset=\"https:\/\/www.m-kovo.cz\/wp-content\/uploads\/2023\/11\/3D_obrobek_velky-1.jpg 600w, https:\/\/www.m-kovo.cz\/wp-content\/uploads\/2023\/11\/3D_obrobek_velky-1-300x200.jpg 300w\" sizes=\"auto, (max-width: 600px) 100vw, 600px\" \/><\/figure>\n\n\n\n<figure class=\"wp-block-image size-large\"><img loading=\"lazy\" decoding=\"async\" width=\"600\" height=\"400\" data-id=\"224\" src=\"https:\/\/www.m-kovo.cz\/wp-content\/uploads\/2023\/11\/Ozubena_kola-1.jpg\" alt=\"\" class=\"wp-image-224\" srcset=\"https:\/\/www.m-kovo.cz\/wp-content\/uploads\/2023\/11\/Ozubena_kola-1.jpg 600w, https:\/\/www.m-kovo.cz\/wp-content\/uploads\/2023\/11\/Ozubena_kola-1-300x200.jpg 300w\" sizes=\"auto, (max-width: 600px) 100vw, 600px\" \/><\/figure>\n\n\n\n<figure class=\"wp-block-image size-large\"><img loading=\"lazy\" decoding=\"async\" width=\"600\" height=\"400\" data-id=\"222\" src=\"https:\/\/www.m-kovo.cz\/wp-content\/uploads\/2023\/11\/Ozubena_kola.jpg\" alt=\"\" class=\"wp-image-222\" srcset=\"https:\/\/www.m-kovo.cz\/wp-content\/uploads\/2023\/11\/Ozubena_kola.jpg 600w, https:\/\/www.m-kovo.cz\/wp-content\/uploads\/2023\/11\/Ozubena_kola-300x200.jpg 300w\" sizes=\"auto, (max-width: 600px) 100vw, 600px\" \/><\/figure>\n\n\n\n<figure class=\"wp-block-image size-large\"><img loading=\"lazy\" decoding=\"async\" width=\"600\" height=\"400\" data-id=\"220\" src=\"https:\/\/www.m-kovo.cz\/wp-content\/uploads\/2023\/11\/Matice_rychloupinaciho_sroubu.jpg\" alt=\"\" class=\"wp-image-220\" srcset=\"https:\/\/www.m-kovo.cz\/wp-content\/uploads\/2023\/11\/Matice_rychloupinaciho_sroubu.jpg 600w, https:\/\/www.m-kovo.cz\/wp-content\/uploads\/2023\/11\/Matice_rychloupinaciho_sroubu-300x200.jpg 300w\" sizes=\"auto, (max-width: 600px) 100vw, 600px\" \/><\/figure>\n\n\n\n<figure class=\"wp-block-image size-large\"><img loading=\"lazy\" decoding=\"async\" width=\"600\" height=\"400\" data-id=\"219\" src=\"https:\/\/www.m-kovo.cz\/wp-content\/uploads\/2023\/11\/spojky.jpg\" alt=\"\" class=\"wp-image-219\" srcset=\"https:\/\/www.m-kovo.cz\/wp-content\/uploads\/2023\/11\/spojky.jpg 600w, https:\/\/www.m-kovo.cz\/wp-content\/uploads\/2023\/11\/spojky-300x200.jpg 300w\" sizes=\"auto, (max-width: 600px) 100vw, 600px\" \/><\/figure>\n\n\n\n<figure class=\"wp-block-image size-large\"><img loading=\"lazy\" decoding=\"async\" width=\"600\" height=\"400\" data-id=\"218\" src=\"https:\/\/www.m-kovo.cz\/wp-content\/uploads\/2023\/11\/cepy_ruzne.jpg\" alt=\"\" class=\"wp-image-218\" srcset=\"https:\/\/www.m-kovo.cz\/wp-content\/uploads\/2023\/11\/cepy_ruzne.jpg 600w, https:\/\/www.m-kovo.cz\/wp-content\/uploads\/2023\/11\/cepy_ruzne-300x200.jpg 300w\" sizes=\"auto, (max-width: 600px) 100vw, 600px\" \/><\/figure>\n\n\n\n<figure class=\"wp-block-image size-large\"><img loading=\"lazy\" decoding=\"async\" width=\"600\" height=\"400\" data-id=\"214\" src=\"https:\/\/www.m-kovo.cz\/wp-content\/uploads\/2023\/11\/3D_obrobky_svorky.jpg\" alt=\"\" class=\"wp-image-214\" srcset=\"https:\/\/www.m-kovo.cz\/wp-content\/uploads\/2023\/11\/3D_obrobky_svorky.jpg 600w, https:\/\/www.m-kovo.cz\/wp-content\/uploads\/2023\/11\/3D_obrobky_svorky-300x200.jpg 300w\" sizes=\"auto, (max-width: 600px) 100vw, 600px\" \/><\/figure>\n\n\n\n<figure class=\"wp-block-image size-large\"><img loading=\"lazy\" decoding=\"async\" width=\"600\" height=\"400\" data-id=\"215\" src=\"https:\/\/www.m-kovo.cz\/wp-content\/uploads\/2023\/11\/3D_obrobky_velke.jpg\" alt=\"\" class=\"wp-image-215\" srcset=\"https:\/\/www.m-kovo.cz\/wp-content\/uploads\/2023\/11\/3D_obrobky_velke.jpg 600w, https:\/\/www.m-kovo.cz\/wp-content\/uploads\/2023\/11\/3D_obrobky_velke-300x200.jpg 300w\" sizes=\"auto, (max-width: 600px) 100vw, 600px\" \/><\/figure>\n\n\n\n<figure class=\"wp-block-image size-large\"><img loading=\"lazy\" decoding=\"async\" width=\"600\" height=\"400\" data-id=\"216\" src=\"https:\/\/www.m-kovo.cz\/wp-content\/uploads\/2023\/11\/3D_spojka.jpg\" alt=\"\" class=\"wp-image-216\" srcset=\"https:\/\/www.m-kovo.cz\/wp-content\/uploads\/2023\/11\/3D_spojka.jpg 600w, https:\/\/www.m-kovo.cz\/wp-content\/uploads\/2023\/11\/3D_spojka-300x200.jpg 300w\" sizes=\"auto, (max-width: 600px) 100vw, 600px\" \/><\/figure>\n\n\n\n<figure class=\"wp-block-image size-large\"><img loading=\"lazy\" decoding=\"async\" width=\"600\" height=\"400\" data-id=\"217\" src=\"https:\/\/www.m-kovo.cz\/wp-content\/uploads\/2023\/11\/cepy_s_sroubovou_hlavou.jpg\" alt=\"\" class=\"wp-image-217\" srcset=\"https:\/\/www.m-kovo.cz\/wp-content\/uploads\/2023\/11\/cepy_s_sroubovou_hlavou.jpg 600w, https:\/\/www.m-kovo.cz\/wp-content\/uploads\/2023\/11\/cepy_s_sroubovou_hlavou-300x200.jpg 300w\" sizes=\"auto, (max-width: 600px) 100vw, 600px\" \/><\/figure>\n\n\n\n<figure class=\"wp-block-image size-large\"><img loading=\"lazy\" decoding=\"async\" width=\"600\" height=\"400\" data-id=\"211\" src=\"https:\/\/www.m-kovo.cz\/wp-content\/uploads\/2023\/11\/Svorniky_spojky.jpg\" alt=\"\" class=\"wp-image-211\" srcset=\"https:\/\/www.m-kovo.cz\/wp-content\/uploads\/2023\/11\/Svorniky_spojky.jpg 600w, https:\/\/www.m-kovo.cz\/wp-content\/uploads\/2023\/11\/Svorniky_spojky-300x200.jpg 300w\" sizes=\"auto, (max-width: 600px) 100vw, 600px\" \/><\/figure>\n\n\n\n<figure class=\"wp-block-image size-large\"><img loading=\"lazy\" decoding=\"async\" width=\"600\" height=\"400\" data-id=\"212\" src=\"https:\/\/www.m-kovo.cz\/wp-content\/uploads\/2023\/11\/Svarovane_ohybane_zinkovane_vyrobky.jpg\" alt=\"\" class=\"wp-image-212\" srcset=\"https:\/\/www.m-kovo.cz\/wp-content\/uploads\/2023\/11\/Svarovane_ohybane_zinkovane_vyrobky.jpg 600w, https:\/\/www.m-kovo.cz\/wp-content\/uploads\/2023\/11\/Svarovane_ohybane_zinkovane_vyrobky-300x200.jpg 300w\" sizes=\"auto, (max-width: 600px) 100vw, 600px\" \/><\/figure>\n\n\n\n<figure class=\"wp-block-image size-large\"><img loading=\"lazy\" decoding=\"async\" width=\"600\" height=\"400\" data-id=\"203\" src=\"https:\/\/www.m-kovo.cz\/wp-content\/uploads\/2023\/11\/Naklepavac_.jpg\" alt=\"\" class=\"wp-image-203\" srcset=\"https:\/\/www.m-kovo.cz\/wp-content\/uploads\/2023\/11\/Naklepavac_.jpg 600w, https:\/\/www.m-kovo.cz\/wp-content\/uploads\/2023\/11\/Naklepavac_-300x200.jpg 300w\" sizes=\"auto, (max-width: 600px) 100vw, 600px\" \/><\/figure>\n\n\n\n<figure class=\"wp-block-image size-large\"><img loading=\"lazy\" decoding=\"async\" width=\"600\" height=\"400\" data-id=\"204\" src=\"https:\/\/www.m-kovo.cz\/wp-content\/uploads\/2023\/11\/Rezacka_.jpg\" alt=\"\" class=\"wp-image-204\" srcset=\"https:\/\/www.m-kovo.cz\/wp-content\/uploads\/2023\/11\/Rezacka_.jpg 600w, https:\/\/www.m-kovo.cz\/wp-content\/uploads\/2023\/11\/Rezacka_-300x200.jpg 300w\" sizes=\"auto, (max-width: 600px) 100vw, 600px\" \/><\/figure>\n<\/figure>\n\n\n\n<div class=\"wp-block-group is-nowrap is-layout-flex wp-container-core-group-is-layout-ad2f72ca wp-block-group-is-layout-flex\">\n<figure class=\"wp-block-image size-full\"><img loading=\"lazy\" decoding=\"async\" width=\"40\" height=\"27\" src=\"https:\/\/www.m-kovo.cz\/wp-content\/uploads\/2024\/05\/anglictina.gif\" alt=\"\" class=\"wp-image-343\"\/><\/figure>\n\n\n\n<h2 class=\"wp-block-heading has-large-font-size\">Sctivity<\/h2>\n<\/div>\n\n\n\n<p class=\"has-medium-font-size\"><strong>Engineering<\/strong><\/p>\n\n\n\n<ul class=\"wp-block-list\">\n<li>lathe single-spindle automatic machines to caliber 50 mm&nbsp;(Series of lots c. 10,000 up to 100,000 pieces)<\/li>\n\n\n\n<li>finishing automatic machines<\/li>\n\n\n\n<li>classical lathes<\/li>\n\n\n\n<li>classical milling cutters<\/li>\n\n\n\n<li>eccentric presses up to 20-100 tons of pressure<\/li>\n\n\n\n<li>hydraulic presses<\/li>\n\n\n\n<li>drilling desks<\/li>\n<\/ul>\n\n\n\n<p class=\"has-medium-font-size\"><strong>Locksmithery<\/strong><\/p>\n\n\n\n<ul class=\"wp-block-list\">\n<li>forming of metal plate<\/li>\n\n\n\n<li>welding of metal plate TIG, MIG<\/li>\n\n\n\n<li>burning of metal plate (PLASMA max. 30mm strength)<\/li>\n\n\n\n<li>producing of constructions<\/li>\n\n\n\n<li>direct amount of weight&nbsp;7,500 kg (gantry crane)<\/li>\n<\/ul>\n\n\n\n<p class=\"has-medium-font-size\"><strong>Tool-making<\/strong><\/p>\n\n\n\n<ul class=\"wp-block-list\">\n<li>tool producing needed for press work<\/li>\n\n\n\n<li>CNC milling cutters<\/li>\n\n\n\n<li>CNC lathes<\/li>\n\n\n\n<li>revolting and special piece work<\/li>\n\n\n\n<li>own technology<\/li>\n<\/ul>\n\n\n\n<figure class=\"wp-block-gallery has-nested-images columns-8 is-cropped wp-block-gallery-2 is-layout-flex wp-block-gallery-is-layout-flex\">\n<figure class=\"wp-block-image size-large\"><img loading=\"lazy\" decoding=\"async\" width=\"600\" height=\"400\" data-id=\"223\" src=\"https:\/\/www.m-kovo.cz\/wp-content\/uploads\/2023\/11\/3D_obrobek_velky-1.jpg\" alt=\"\" class=\"wp-image-223\" srcset=\"https:\/\/www.m-kovo.cz\/wp-content\/uploads\/2023\/11\/3D_obrobek_velky-1.jpg 600w, https:\/\/www.m-kovo.cz\/wp-content\/uploads\/2023\/11\/3D_obrobek_velky-1-300x200.jpg 300w\" sizes=\"auto, (max-width: 600px) 100vw, 600px\" \/><\/figure>\n\n\n\n<figure class=\"wp-block-image size-large\"><img loading=\"lazy\" decoding=\"async\" width=\"600\" height=\"400\" data-id=\"224\" src=\"https:\/\/www.m-kovo.cz\/wp-content\/uploads\/2023\/11\/Ozubena_kola-1.jpg\" alt=\"\" class=\"wp-image-224\" srcset=\"https:\/\/www.m-kovo.cz\/wp-content\/uploads\/2023\/11\/Ozubena_kola-1.jpg 600w, https:\/\/www.m-kovo.cz\/wp-content\/uploads\/2023\/11\/Ozubena_kola-1-300x200.jpg 300w\" sizes=\"auto, (max-width: 600px) 100vw, 600px\" \/><\/figure>\n\n\n\n<figure class=\"wp-block-image size-large\"><img loading=\"lazy\" decoding=\"async\" width=\"600\" height=\"400\" data-id=\"222\" src=\"https:\/\/www.m-kovo.cz\/wp-content\/uploads\/2023\/11\/Ozubena_kola.jpg\" alt=\"\" class=\"wp-image-222\" srcset=\"https:\/\/www.m-kovo.cz\/wp-content\/uploads\/2023\/11\/Ozubena_kola.jpg 600w, https:\/\/www.m-kovo.cz\/wp-content\/uploads\/2023\/11\/Ozubena_kola-300x200.jpg 300w\" sizes=\"auto, (max-width: 600px) 100vw, 600px\" \/><\/figure>\n\n\n\n<figure class=\"wp-block-image size-large\"><img loading=\"lazy\" decoding=\"async\" width=\"600\" height=\"400\" data-id=\"220\" src=\"https:\/\/www.m-kovo.cz\/wp-content\/uploads\/2023\/11\/Matice_rychloupinaciho_sroubu.jpg\" alt=\"\" class=\"wp-image-220\" srcset=\"https:\/\/www.m-kovo.cz\/wp-content\/uploads\/2023\/11\/Matice_rychloupinaciho_sroubu.jpg 600w, https:\/\/www.m-kovo.cz\/wp-content\/uploads\/2023\/11\/Matice_rychloupinaciho_sroubu-300x200.jpg 300w\" sizes=\"auto, (max-width: 600px) 100vw, 600px\" \/><\/figure>\n\n\n\n<figure class=\"wp-block-image size-large\"><img loading=\"lazy\" decoding=\"async\" width=\"600\" height=\"400\" data-id=\"219\" src=\"https:\/\/www.m-kovo.cz\/wp-content\/uploads\/2023\/11\/spojky.jpg\" alt=\"\" class=\"wp-image-219\" srcset=\"https:\/\/www.m-kovo.cz\/wp-content\/uploads\/2023\/11\/spojky.jpg 600w, https:\/\/www.m-kovo.cz\/wp-content\/uploads\/2023\/11\/spojky-300x200.jpg 300w\" sizes=\"auto, (max-width: 600px) 100vw, 600px\" \/><\/figure>\n\n\n\n<figure class=\"wp-block-image size-large\"><img loading=\"lazy\" decoding=\"async\" width=\"600\" height=\"400\" data-id=\"218\" src=\"https:\/\/www.m-kovo.cz\/wp-content\/uploads\/2023\/11\/cepy_ruzne.jpg\" alt=\"\" class=\"wp-image-218\" srcset=\"https:\/\/www.m-kovo.cz\/wp-content\/uploads\/2023\/11\/cepy_ruzne.jpg 600w, https:\/\/www.m-kovo.cz\/wp-content\/uploads\/2023\/11\/cepy_ruzne-300x200.jpg 300w\" sizes=\"auto, (max-width: 600px) 100vw, 600px\" \/><\/figure>\n\n\n\n<figure class=\"wp-block-image size-large\"><img loading=\"lazy\" decoding=\"async\" width=\"600\" height=\"400\" data-id=\"214\" src=\"https:\/\/www.m-kovo.cz\/wp-content\/uploads\/2023\/11\/3D_obrobky_svorky.jpg\" alt=\"\" class=\"wp-image-214\" srcset=\"https:\/\/www.m-kovo.cz\/wp-content\/uploads\/2023\/11\/3D_obrobky_svorky.jpg 600w, https:\/\/www.m-kovo.cz\/wp-content\/uploads\/2023\/11\/3D_obrobky_svorky-300x200.jpg 300w\" sizes=\"auto, (max-width: 600px) 100vw, 600px\" \/><\/figure>\n\n\n\n<figure class=\"wp-block-image size-large\"><img loading=\"lazy\" decoding=\"async\" width=\"600\" height=\"400\" data-id=\"215\" src=\"https:\/\/www.m-kovo.cz\/wp-content\/uploads\/2023\/11\/3D_obrobky_velke.jpg\" alt=\"\" class=\"wp-image-215\" srcset=\"https:\/\/www.m-kovo.cz\/wp-content\/uploads\/2023\/11\/3D_obrobky_velke.jpg 600w, https:\/\/www.m-kovo.cz\/wp-content\/uploads\/2023\/11\/3D_obrobky_velke-300x200.jpg 300w\" sizes=\"auto, (max-width: 600px) 100vw, 600px\" \/><\/figure>\n\n\n\n<figure class=\"wp-block-image size-large\"><img loading=\"lazy\" decoding=\"async\" width=\"600\" height=\"400\" data-id=\"216\" src=\"https:\/\/www.m-kovo.cz\/wp-content\/uploads\/2023\/11\/3D_spojka.jpg\" alt=\"\" class=\"wp-image-216\" srcset=\"https:\/\/www.m-kovo.cz\/wp-content\/uploads\/2023\/11\/3D_spojka.jpg 600w, https:\/\/www.m-kovo.cz\/wp-content\/uploads\/2023\/11\/3D_spojka-300x200.jpg 300w\" sizes=\"auto, (max-width: 600px) 100vw, 600px\" \/><\/figure>\n\n\n\n<figure class=\"wp-block-image size-large\"><img loading=\"lazy\" decoding=\"async\" width=\"600\" height=\"400\" data-id=\"217\" src=\"https:\/\/www.m-kovo.cz\/wp-content\/uploads\/2023\/11\/cepy_s_sroubovou_hlavou.jpg\" alt=\"\" class=\"wp-image-217\" srcset=\"https:\/\/www.m-kovo.cz\/wp-content\/uploads\/2023\/11\/cepy_s_sroubovou_hlavou.jpg 600w, https:\/\/www.m-kovo.cz\/wp-content\/uploads\/2023\/11\/cepy_s_sroubovou_hlavou-300x200.jpg 300w\" sizes=\"auto, (max-width: 600px) 100vw, 600px\" \/><\/figure>\n\n\n\n<figure class=\"wp-block-image size-large\"><img loading=\"lazy\" decoding=\"async\" width=\"600\" height=\"400\" data-id=\"211\" src=\"https:\/\/www.m-kovo.cz\/wp-content\/uploads\/2023\/11\/Svorniky_spojky.jpg\" alt=\"\" class=\"wp-image-211\" srcset=\"https:\/\/www.m-kovo.cz\/wp-content\/uploads\/2023\/11\/Svorniky_spojky.jpg 600w, https:\/\/www.m-kovo.cz\/wp-content\/uploads\/2023\/11\/Svorniky_spojky-300x200.jpg 300w\" sizes=\"auto, (max-width: 600px) 100vw, 600px\" \/><\/figure>\n\n\n\n<figure class=\"wp-block-image size-large\"><img loading=\"lazy\" decoding=\"async\" width=\"600\" height=\"400\" data-id=\"212\" src=\"https:\/\/www.m-kovo.cz\/wp-content\/uploads\/2023\/11\/Svarovane_ohybane_zinkovane_vyrobky.jpg\" alt=\"\" class=\"wp-image-212\" srcset=\"https:\/\/www.m-kovo.cz\/wp-content\/uploads\/2023\/11\/Svarovane_ohybane_zinkovane_vyrobky.jpg 600w, https:\/\/www.m-kovo.cz\/wp-content\/uploads\/2023\/11\/Svarovane_ohybane_zinkovane_vyrobky-300x200.jpg 300w\" sizes=\"auto, (max-width: 600px) 100vw, 600px\" \/><\/figure>\n\n\n\n<figure class=\"wp-block-image size-large\"><img loading=\"lazy\" decoding=\"async\" width=\"600\" height=\"400\" data-id=\"203\" src=\"https:\/\/www.m-kovo.cz\/wp-content\/uploads\/2023\/11\/Naklepavac_.jpg\" alt=\"\" class=\"wp-image-203\" srcset=\"https:\/\/www.m-kovo.cz\/wp-content\/uploads\/2023\/11\/Naklepavac_.jpg 600w, https:\/\/www.m-kovo.cz\/wp-content\/uploads\/2023\/11\/Naklepavac_-300x200.jpg 300w\" sizes=\"auto, (max-width: 600px) 100vw, 600px\" \/><\/figure>\n\n\n\n<figure class=\"wp-block-image size-large\"><img loading=\"lazy\" decoding=\"async\" width=\"600\" height=\"400\" data-id=\"204\" src=\"https:\/\/www.m-kovo.cz\/wp-content\/uploads\/2023\/11\/Rezacka_.jpg\" alt=\"\" class=\"wp-image-204\" srcset=\"https:\/\/www.m-kovo.cz\/wp-content\/uploads\/2023\/11\/Rezacka_.jpg 600w, https:\/\/www.m-kovo.cz\/wp-content\/uploads\/2023\/11\/Rezacka_-300x200.jpg 300w\" sizes=\"auto, (max-width: 600px) 100vw, 600px\" \/><\/figure>\n<\/figure>\n\n\n\n<div class=\"wp-block-group is-nowrap is-layout-flex wp-container-core-group-is-layout-ad2f72ca wp-block-group-is-layout-flex\">\n<figure class=\"wp-block-image size-full\"><img loading=\"lazy\" decoding=\"async\" width=\"40\" height=\"27\" src=\"https:\/\/www.m-kovo.cz\/wp-content\/uploads\/2024\/05\/nemcina.gif\" alt=\"\" class=\"wp-image-344\"\/><\/figure>\n\n\n\n<p class=\"has-large-font-size\">Aktivit\u00e4t<\/p>\n<\/div>\n\n\n\n<p class=\"has-medium-font-size\"><strong>Maschinenbau<\/strong><\/p>\n\n\n\n<ul class=\"wp-block-list\">\n<li>Einspindel<\/li>\n\n\n\n<li>Drechselautomaten bis Durchmesser 50 mm&nbsp;(Serie der Teile cca. 10 000 bis 100 000 St\u00fcck)<\/li>\n\n\n\n<li>Endautomaten<\/li>\n\n\n\n<li>Klassische Drehbank<\/li>\n\n\n\n<li>Exenterpresse bis 20 \u2013 100 Tonnen Druck<\/li>\n\n\n\n<li>Hydraulische Presse<\/li>\n\n\n\n<li>Bohrtische<\/li>\n<\/ul>\n\n\n\n<p class=\"has-medium-font-size\"><strong>Schlosserproduktion<\/strong><\/p>\n\n\n\n<ul class=\"wp-block-list\">\n<li>Blechformung<\/li>\n\n\n\n<li>Blechschweissen TIG, MIG<\/li>\n\n\n\n<li>Brennschneiden von Blechen (Plasma max. 30 mm&nbsp;St\u00e4rke)<\/li>\n\n\n\n<li>Konstruktionsherstellung<\/li>\n\n\n\n<li>Einzelgewicht 7500 Kg&nbsp;(Portalkrann)<\/li>\n<\/ul>\n\n\n\n<p class=\"has-medium-font-size\"><strong>Werkzeugbau<\/strong><\/p>\n\n\n\n<ul class=\"wp-block-list\">\n<li>Werkzeugherstellung n\u00f6tig f\u00fcr Pressarbeit<\/li>\n\n\n\n<li>CNC Fr\u00e4se Maschine<\/li>\n\n\n\n<li>CNC Dreh Maschine<\/li>\n\n\n\n<li>Fach und Spezialst\u00fcckarbeit<\/li>\n\n\n\n<li>Eigene Technologie<\/li>\n<\/ul>\n\n\n\n<figure class=\"wp-block-gallery has-nested-images columns-8 is-cropped wp-block-gallery-3 is-layout-flex wp-block-gallery-is-layout-flex\">\n<figure class=\"wp-block-image size-large\"><img loading=\"lazy\" decoding=\"async\" width=\"600\" height=\"400\" data-id=\"223\" src=\"https:\/\/www.m-kovo.cz\/wp-content\/uploads\/2023\/11\/3D_obrobek_velky-1.jpg\" alt=\"\" class=\"wp-image-223\" srcset=\"https:\/\/www.m-kovo.cz\/wp-content\/uploads\/2023\/11\/3D_obrobek_velky-1.jpg 600w, https:\/\/www.m-kovo.cz\/wp-content\/uploads\/2023\/11\/3D_obrobek_velky-1-300x200.jpg 300w\" sizes=\"auto, (max-width: 600px) 100vw, 600px\" \/><\/figure>\n\n\n\n<figure class=\"wp-block-image size-large\"><img loading=\"lazy\" decoding=\"async\" width=\"600\" height=\"400\" data-id=\"224\" src=\"https:\/\/www.m-kovo.cz\/wp-content\/uploads\/2023\/11\/Ozubena_kola-1.jpg\" alt=\"\" class=\"wp-image-224\" srcset=\"https:\/\/www.m-kovo.cz\/wp-content\/uploads\/2023\/11\/Ozubena_kola-1.jpg 600w, https:\/\/www.m-kovo.cz\/wp-content\/uploads\/2023\/11\/Ozubena_kola-1-300x200.jpg 300w\" sizes=\"auto, (max-width: 600px) 100vw, 600px\" \/><\/figure>\n\n\n\n<figure class=\"wp-block-image size-large\"><img loading=\"lazy\" decoding=\"async\" width=\"600\" height=\"400\" data-id=\"222\" src=\"https:\/\/www.m-kovo.cz\/wp-content\/uploads\/2023\/11\/Ozubena_kola.jpg\" alt=\"\" class=\"wp-image-222\" srcset=\"https:\/\/www.m-kovo.cz\/wp-content\/uploads\/2023\/11\/Ozubena_kola.jpg 600w, https:\/\/www.m-kovo.cz\/wp-content\/uploads\/2023\/11\/Ozubena_kola-300x200.jpg 300w\" sizes=\"auto, (max-width: 600px) 100vw, 600px\" \/><\/figure>\n\n\n\n<figure class=\"wp-block-image size-large\"><img loading=\"lazy\" decoding=\"async\" width=\"600\" height=\"400\" data-id=\"220\" src=\"https:\/\/www.m-kovo.cz\/wp-content\/uploads\/2023\/11\/Matice_rychloupinaciho_sroubu.jpg\" alt=\"\" class=\"wp-image-220\" srcset=\"https:\/\/www.m-kovo.cz\/wp-content\/uploads\/2023\/11\/Matice_rychloupinaciho_sroubu.jpg 600w, https:\/\/www.m-kovo.cz\/wp-content\/uploads\/2023\/11\/Matice_rychloupinaciho_sroubu-300x200.jpg 300w\" sizes=\"auto, (max-width: 600px) 100vw, 600px\" \/><\/figure>\n\n\n\n<figure class=\"wp-block-image size-large\"><img loading=\"lazy\" decoding=\"async\" width=\"600\" height=\"400\" data-id=\"219\" src=\"https:\/\/www.m-kovo.cz\/wp-content\/uploads\/2023\/11\/spojky.jpg\" alt=\"\" class=\"wp-image-219\" srcset=\"https:\/\/www.m-kovo.cz\/wp-content\/uploads\/2023\/11\/spojky.jpg 600w, https:\/\/www.m-kovo.cz\/wp-content\/uploads\/2023\/11\/spojky-300x200.jpg 300w\" sizes=\"auto, (max-width: 600px) 100vw, 600px\" \/><\/figure>\n\n\n\n<figure class=\"wp-block-image size-large\"><img loading=\"lazy\" decoding=\"async\" width=\"600\" height=\"400\" data-id=\"218\" src=\"https:\/\/www.m-kovo.cz\/wp-content\/uploads\/2023\/11\/cepy_ruzne.jpg\" alt=\"\" class=\"wp-image-218\" srcset=\"https:\/\/www.m-kovo.cz\/wp-content\/uploads\/2023\/11\/cepy_ruzne.jpg 600w, https:\/\/www.m-kovo.cz\/wp-content\/uploads\/2023\/11\/cepy_ruzne-300x200.jpg 300w\" sizes=\"auto, (max-width: 600px) 100vw, 600px\" \/><\/figure>\n\n\n\n<figure class=\"wp-block-image size-large\"><img loading=\"lazy\" decoding=\"async\" width=\"600\" height=\"400\" data-id=\"214\" src=\"https:\/\/www.m-kovo.cz\/wp-content\/uploads\/2023\/11\/3D_obrobky_svorky.jpg\" alt=\"\" class=\"wp-image-214\" srcset=\"https:\/\/www.m-kovo.cz\/wp-content\/uploads\/2023\/11\/3D_obrobky_svorky.jpg 600w, https:\/\/www.m-kovo.cz\/wp-content\/uploads\/2023\/11\/3D_obrobky_svorky-300x200.jpg 300w\" sizes=\"auto, (max-width: 600px) 100vw, 600px\" \/><\/figure>\n\n\n\n<figure class=\"wp-block-image size-large\"><img loading=\"lazy\" decoding=\"async\" width=\"600\" height=\"400\" data-id=\"215\" src=\"https:\/\/www.m-kovo.cz\/wp-content\/uploads\/2023\/11\/3D_obrobky_velke.jpg\" alt=\"\" class=\"wp-image-215\" srcset=\"https:\/\/www.m-kovo.cz\/wp-content\/uploads\/2023\/11\/3D_obrobky_velke.jpg 600w, https:\/\/www.m-kovo.cz\/wp-content\/uploads\/2023\/11\/3D_obrobky_velke-300x200.jpg 300w\" sizes=\"auto, (max-width: 600px) 100vw, 600px\" \/><\/figure>\n\n\n\n<figure class=\"wp-block-image size-large\"><img loading=\"lazy\" decoding=\"async\" width=\"600\" height=\"400\" data-id=\"216\" src=\"https:\/\/www.m-kovo.cz\/wp-content\/uploads\/2023\/11\/3D_spojka.jpg\" alt=\"\" class=\"wp-image-216\" srcset=\"https:\/\/www.m-kovo.cz\/wp-content\/uploads\/2023\/11\/3D_spojka.jpg 600w, https:\/\/www.m-kovo.cz\/wp-content\/uploads\/2023\/11\/3D_spojka-300x200.jpg 300w\" sizes=\"auto, (max-width: 600px) 100vw, 600px\" \/><\/figure>\n\n\n\n<figure class=\"wp-block-image size-large\"><img loading=\"lazy\" decoding=\"async\" width=\"600\" height=\"400\" data-id=\"217\" src=\"https:\/\/www.m-kovo.cz\/wp-content\/uploads\/2023\/11\/cepy_s_sroubovou_hlavou.jpg\" alt=\"\" class=\"wp-image-217\" srcset=\"https:\/\/www.m-kovo.cz\/wp-content\/uploads\/2023\/11\/cepy_s_sroubovou_hlavou.jpg 600w, https:\/\/www.m-kovo.cz\/wp-content\/uploads\/2023\/11\/cepy_s_sroubovou_hlavou-300x200.jpg 300w\" sizes=\"auto, (max-width: 600px) 100vw, 600px\" \/><\/figure>\n\n\n\n<figure class=\"wp-block-image size-large\"><img loading=\"lazy\" decoding=\"async\" width=\"600\" height=\"400\" data-id=\"211\" src=\"https:\/\/www.m-kovo.cz\/wp-content\/uploads\/2023\/11\/Svorniky_spojky.jpg\" alt=\"\" class=\"wp-image-211\" srcset=\"https:\/\/www.m-kovo.cz\/wp-content\/uploads\/2023\/11\/Svorniky_spojky.jpg 600w, https:\/\/www.m-kovo.cz\/wp-content\/uploads\/2023\/11\/Svorniky_spojky-300x200.jpg 300w\" sizes=\"auto, (max-width: 600px) 100vw, 600px\" \/><\/figure>\n\n\n\n<figure class=\"wp-block-image size-large\"><img loading=\"lazy\" decoding=\"async\" width=\"600\" height=\"400\" data-id=\"212\" src=\"https:\/\/www.m-kovo.cz\/wp-content\/uploads\/2023\/11\/Svarovane_ohybane_zinkovane_vyrobky.jpg\" alt=\"\" class=\"wp-image-212\" srcset=\"https:\/\/www.m-kovo.cz\/wp-content\/uploads\/2023\/11\/Svarovane_ohybane_zinkovane_vyrobky.jpg 600w, https:\/\/www.m-kovo.cz\/wp-content\/uploads\/2023\/11\/Svarovane_ohybane_zinkovane_vyrobky-300x200.jpg 300w\" sizes=\"auto, (max-width: 600px) 100vw, 600px\" \/><\/figure>\n\n\n\n<figure class=\"wp-block-image size-large\"><img loading=\"lazy\" decoding=\"async\" width=\"600\" height=\"400\" data-id=\"203\" src=\"https:\/\/www.m-kovo.cz\/wp-content\/uploads\/2023\/11\/Naklepavac_.jpg\" alt=\"\" class=\"wp-image-203\" srcset=\"https:\/\/www.m-kovo.cz\/wp-content\/uploads\/2023\/11\/Naklepavac_.jpg 600w, https:\/\/www.m-kovo.cz\/wp-content\/uploads\/2023\/11\/Naklepavac_-300x200.jpg 300w\" sizes=\"auto, (max-width: 600px) 100vw, 600px\" \/><\/figure>\n\n\n\n<figure class=\"wp-block-image size-large\"><img loading=\"lazy\" decoding=\"async\" width=\"600\" height=\"400\" data-id=\"204\" src=\"https:\/\/www.m-kovo.cz\/wp-content\/uploads\/2023\/11\/Rezacka_.jpg\" alt=\"\" class=\"wp-image-204\" srcset=\"https:\/\/www.m-kovo.cz\/wp-content\/uploads\/2023\/11\/Rezacka_.jpg 600w, https:\/\/www.m-kovo.cz\/wp-content\/uploads\/2023\/11\/Rezacka_-300x200.jpg 300w\" sizes=\"auto, (max-width: 600px) 100vw, 600px\" \/><\/figure>\n<\/figure>\n","protected":false},"excerpt":{"rendered":"<p>Stroj\u00edrensk\u00e1 v\u00fdroba Z\u00e1me\u010dnick\u00e1 v\u00fdroba N\u00e1stroja\u0159sk\u00e1 v\u00fdroba Sctivity Engineering Locksmithery Tool-making Aktivit\u00e4t Maschinenbau Schlosserproduktion Werkzeugbau<\/p>\n","protected":false},"author":2,"featured_media":0,"parent":0,"menu_order":0,"comment_status":"closed","ping_status":"closed","template":"","meta":{"footnotes":""},"class_list":["post-337","page","type-page","status-publish","hentry"],"_links":{"self":[{"href":"https:\/\/www.m-kovo.cz\/index.php\/wp-json\/wp\/v2\/pages\/337","targetHints":{"allow":["GET"]}}],"collection":[{"href":"https:\/\/www.m-kovo.cz\/index.php\/wp-json\/wp\/v2\/pages"}],"about":[{"href":"https:\/\/www.m-kovo.cz\/index.php\/wp-json\/wp\/v2\/types\/page"}],"author":[{"embeddable":true,"href":"https:\/\/www.m-kovo.cz\/index.php\/wp-json\/wp\/v2\/users\/2"}],"replies":[{"embeddable":true,"href":"https:\/\/www.m-kovo.cz\/index.php\/wp-json\/wp\/v2\/comments?post=337"}],"version-history":[{"count":3,"href":"https:\/\/www.m-kovo.cz\/index.php\/wp-json\/wp\/v2\/pages\/337\/revisions"}],"predecessor-version":[{"id":347,"href":"https:\/\/www.m-kovo.cz\/index.php\/wp-json\/wp\/v2\/pages\/337\/revisions\/347"}],"wp:attachment":[{"href":"https:\/\/www.m-kovo.cz\/index.php\/wp-json\/wp\/v2\/media?parent=337"}],"curies":[{"name":"wp","href":"https:\/\/api.w.org\/{rel}","templated":true}]}}