{"id":159,"date":"2023-09-04T10:07:30","date_gmt":"2023-09-04T08:07:30","guid":{"rendered":"https:\/\/www.m-kovo.cz\/?page_id=159"},"modified":"2023-09-04T10:07:30","modified_gmt":"2023-09-04T08:07:30","slug":"snizeni-energeticke-narocnosti","status":"publish","type":"page","link":"https:\/\/www.m-kovo.cz\/index.php\/snizeni-energeticke-narocnosti\/","title":{"rendered":"Sn\u00ed\u017een\u00ed energetick\u00e9 n\u00e1ro\u010dnosti"},"content":{"rendered":"<div class=\"wp-block-image\">\n<figure class=\"aligncenter size-large\"><img loading=\"lazy\" decoding=\"async\" width=\"1024\" height=\"631\" src=\"https:\/\/www.m-kovo.cz\/wp-content\/uploads\/2023\/09\/EU3-1024x631.jpg\" alt=\"\" class=\"wp-image-160\" srcset=\"https:\/\/www.m-kovo.cz\/wp-content\/uploads\/2023\/09\/EU3-1024x631.jpg 1024w, https:\/\/www.m-kovo.cz\/wp-content\/uploads\/2023\/09\/EU3-300x185.jpg 300w, https:\/\/www.m-kovo.cz\/wp-content\/uploads\/2023\/09\/EU3-768x473.jpg 768w, https:\/\/www.m-kovo.cz\/wp-content\/uploads\/2023\/09\/EU3.jpg 1500w\" sizes=\"auto, (max-width: 1024px) 100vw, 1024px\" \/><\/figure>\n<\/div>","protected":false},"excerpt":{"rendered":"","protected":false},"author":2,"featured_media":0,"parent":0,"menu_order":0,"comment_status":"closed","ping_status":"closed","template":"","meta":{"footnotes":""},"class_list":["post-159","page","type-page","status-publish","hentry"],"_links":{"self":[{"href":"https:\/\/www.m-kovo.cz\/index.php\/wp-json\/wp\/v2\/pages\/159","targetHints":{"allow":["GET"]}}],"collection":[{"href":"https:\/\/www.m-kovo.cz\/index.php\/wp-json\/wp\/v2\/pages"}],"about":[{"href":"https:\/\/www.m-kovo.cz\/index.php\/wp-json\/wp\/v2\/types\/page"}],"author":[{"embeddable":true,"href":"https:\/\/www.m-kovo.cz\/index.php\/wp-json\/wp\/v2\/users\/2"}],"replies":[{"embeddable":true,"href":"https:\/\/www.m-kovo.cz\/index.php\/wp-json\/wp\/v2\/comments?post=159"}],"version-history":[{"count":1,"href":"https:\/\/www.m-kovo.cz\/index.php\/wp-json\/wp\/v2\/pages\/159\/revisions"}],"predecessor-version":[{"id":162,"href":"https:\/\/www.m-kovo.cz\/index.php\/wp-json\/wp\/v2\/pages\/159\/revisions\/162"}],"wp:attachment":[{"href":"https:\/\/www.m-kovo.cz\/index.php\/wp-json\/wp\/v2\/media?parent=159"}],"curies":[{"name":"wp","href":"https:\/\/api.w.org\/{rel}","templated":true}]}}