{"id":153,"date":"2023-09-04T10:03:00","date_gmt":"2023-09-04T08:03:00","guid":{"rendered":"https:\/\/www.m-kovo.cz\/?page_id=153"},"modified":"2023-09-04T10:03:01","modified_gmt":"2023-09-04T08:03:01","slug":"optimalizace-energeticke-narocnosti","status":"publish","type":"page","link":"https:\/\/www.m-kovo.cz\/index.php\/optimalizace-energeticke-narocnosti\/","title":{"rendered":"Optimalizace energetick\u00e9 n\u00e1ro\u010dnosti"},"content":{"rendered":"<div class=\"wp-block-image\">\n<figure class=\"aligncenter size-large\"><img loading=\"lazy\" decoding=\"async\" width=\"1024\" height=\"620\" src=\"https:\/\/www.m-kovo.cz\/wp-content\/uploads\/2023\/09\/EU1-1024x620.jpg\" alt=\"\" class=\"wp-image-154\" srcset=\"https:\/\/www.m-kovo.cz\/wp-content\/uploads\/2023\/09\/EU1-1024x620.jpg 1024w, https:\/\/www.m-kovo.cz\/wp-content\/uploads\/2023\/09\/EU1-300x182.jpg 300w, https:\/\/www.m-kovo.cz\/wp-content\/uploads\/2023\/09\/EU1-768x465.jpg 768w, https:\/\/www.m-kovo.cz\/wp-content\/uploads\/2023\/09\/EU1.jpg 1500w\" sizes=\"auto, (max-width: 1024px) 100vw, 1024px\" \/><\/figure>\n<\/div>","protected":false},"excerpt":{"rendered":"","protected":false},"author":2,"featured_media":0,"parent":0,"menu_order":0,"comment_status":"closed","ping_status":"closed","template":"","meta":{"footnotes":""},"class_list":["post-153","page","type-page","status-publish","hentry"],"_links":{"self":[{"href":"https:\/\/www.m-kovo.cz\/index.php\/wp-json\/wp\/v2\/pages\/153","targetHints":{"allow":["GET"]}}],"collection":[{"href":"https:\/\/www.m-kovo.cz\/index.php\/wp-json\/wp\/v2\/pages"}],"about":[{"href":"https:\/\/www.m-kovo.cz\/index.php\/wp-json\/wp\/v2\/types\/page"}],"author":[{"embeddable":true,"href":"https:\/\/www.m-kovo.cz\/index.php\/wp-json\/wp\/v2\/users\/2"}],"replies":[{"embeddable":true,"href":"https:\/\/www.m-kovo.cz\/index.php\/wp-json\/wp\/v2\/comments?post=153"}],"version-history":[{"count":1,"href":"https:\/\/www.m-kovo.cz\/index.php\/wp-json\/wp\/v2\/pages\/153\/revisions"}],"predecessor-version":[{"id":156,"href":"https:\/\/www.m-kovo.cz\/index.php\/wp-json\/wp\/v2\/pages\/153\/revisions\/156"}],"wp:attachment":[{"href":"https:\/\/www.m-kovo.cz\/index.php\/wp-json\/wp\/v2\/media?parent=153"}],"curies":[{"name":"wp","href":"https:\/\/api.w.org\/{rel}","templated":true}]}}