{"id":125,"date":"2023-09-01T09:25:53","date_gmt":"2023-09-01T07:25:53","guid":{"rendered":"https:\/\/www.m-kovo.cz\/?page_id=125"},"modified":"2024-05-08T23:19:45","modified_gmt":"2024-05-08T21:19:45","slug":"kontakt-kovoran-s-r-o","status":"publish","type":"page","link":"https:\/\/www.m-kovo.cz\/index.php\/kontakt-kovoran-s-r-o\/","title":{"rendered":"Kontakt KOVORAN s.r.o."},"content":{"rendered":"<div class=\"wp-block-image\">\n<figure class=\"alignright size-large is-resized\"><img loading=\"lazy\" decoding=\"async\" width=\"1024\" height=\"229\" src=\"https:\/\/www.m-kovo.cz\/wp-content\/uploads\/2023\/09\/logo_kovoran-1-1024x229.png\" alt=\"\" class=\"wp-image-134\" style=\"width:637px;height:auto\" srcset=\"https:\/\/www.m-kovo.cz\/wp-content\/uploads\/2023\/09\/logo_kovoran-1-1024x229.png 1024w, https:\/\/www.m-kovo.cz\/wp-content\/uploads\/2023\/09\/logo_kovoran-1-300x67.png 300w, https:\/\/www.m-kovo.cz\/wp-content\/uploads\/2023\/09\/logo_kovoran-1-768x172.png 768w, https:\/\/www.m-kovo.cz\/wp-content\/uploads\/2023\/09\/logo_kovoran-1-1536x344.png 1536w, https:\/\/www.m-kovo.cz\/wp-content\/uploads\/2023\/09\/logo_kovoran-1.png 1806w\" sizes=\"auto, (max-width: 1024px) 100vw, 1024px\" \/><\/figure>\n<\/div>\n\n\n<p>s\u00eddlo firmy:<\/p>\n\n\n\n<p><strong>KOVORAN s.r.o.<\/strong><\/p>\n\n\n\n<p>Rant\u00ed\u0159ov 143<\/p>\n\n\n\n<p>CZ 588 41 Vyskytn\u00e1 nad Jihlavou<\/p>\n\n\n\n<p>\u010cesk\u00e1 republika<\/p>\n\n\n\n<p>tel.\/fax: +420 567 276 185, +420 567 276 203<\/p>\n\n\n\n<p>mobil: +420 603 845 298<\/p>\n\n\n\n<p>I\u010cO: 26238179 DI\u010c: CZ26238179<\/p>\n\n\n\n<p>e-mail: info@m-kovo.cz<\/p>\n\n\n\n<p>web: www.kovoran.cz<\/p>\n\n\n\n<p>Spisov\u00e1 zna\u010dka:<br>C 39032 veden\u00e1 u Krajsk\u00e9ho soudu v Brn\u011b<\/p>\n\n\n\n<div style=\"height:20px\" aria-hidden=\"true\" class=\"wp-block-spacer\"><\/div>\n\n\n\n<figure class=\"wp-block-image alignwide size-large\"><a href=\"https:\/\/mapy.cz\/turisticka?source=addr&amp;id=11292406&amp;ds=1&amp;x=15.5182005&amp;y=49.4067156&amp;z=17\" target=\"_blank\" rel=\"noreferrer noopener\"><img loading=\"lazy\" decoding=\"async\" width=\"1024\" height=\"308\" src=\"https:\/\/www.m-kovo.cz\/wp-content\/uploads\/2023\/09\/mapa_KOVORAN_Rantirov_143_seznam-1024x308.jpg\" alt=\"\" class=\"wp-image-133\" srcset=\"https:\/\/www.m-kovo.cz\/wp-content\/uploads\/2023\/09\/mapa_KOVORAN_Rantirov_143_seznam-1024x308.jpg 1024w, https:\/\/www.m-kovo.cz\/wp-content\/uploads\/2023\/09\/mapa_KOVORAN_Rantirov_143_seznam-300x90.jpg 300w, https:\/\/www.m-kovo.cz\/wp-content\/uploads\/2023\/09\/mapa_KOVORAN_Rantirov_143_seznam-768x231.jpg 768w, https:\/\/www.m-kovo.cz\/wp-content\/uploads\/2023\/09\/mapa_KOVORAN_Rantirov_143_seznam-1536x462.jpg 1536w, https:\/\/www.m-kovo.cz\/wp-content\/uploads\/2023\/09\/mapa_KOVORAN_Rantirov_143_seznam-2048x616.jpg 2048w\" sizes=\"auto, (max-width: 1024px) 100vw, 1024px\" \/><\/a><\/figure>\n\n\n\n<figure class=\"wp-block-image alignwide size-large\"><a href=\"https:\/\/www.google.cz\/maps\/place\/Rant%C3%AD%C5%99ov+143,+588+41+Rant%C3%AD%C5%99ov\/@49.4063967,15.516807,17z\/data=!4m6!3m5!1s0x470d1b93b1d73c3d:0xfbe7dbf36ec8130e!8m2!3d49.4066969!4d15.5181374!16s%2Fg%2F11c0yr_wvy?hl=cs&amp;entry=ttu\" target=\"_blank\" rel=\"noreferrer noopener\"><img loading=\"lazy\" decoding=\"async\" width=\"1024\" height=\"308\" src=\"https:\/\/www.m-kovo.cz\/wp-content\/uploads\/2023\/08\/mapa_M-KOVO_Rantirov_143_google-1024x308.jpg\" alt=\"\" class=\"wp-image-89\" srcset=\"https:\/\/www.m-kovo.cz\/wp-content\/uploads\/2023\/08\/mapa_M-KOVO_Rantirov_143_google-1024x308.jpg 1024w, https:\/\/www.m-kovo.cz\/wp-content\/uploads\/2023\/08\/mapa_M-KOVO_Rantirov_143_google-300x90.jpg 300w, https:\/\/www.m-kovo.cz\/wp-content\/uploads\/2023\/08\/mapa_M-KOVO_Rantirov_143_google-768x231.jpg 768w, https:\/\/www.m-kovo.cz\/wp-content\/uploads\/2023\/08\/mapa_M-KOVO_Rantirov_143_google-1536x462.jpg 1536w, https:\/\/www.m-kovo.cz\/wp-content\/uploads\/2023\/08\/mapa_M-KOVO_Rantirov_143_google-2048x616.jpg 2048w\" sizes=\"auto, (max-width: 1024px) 100vw, 1024px\" \/><\/a><\/figure>\n","protected":false},"excerpt":{"rendered":"<p>s\u00eddlo firmy: KOVORAN s.r.o. Rant\u00ed\u0159ov 143 CZ 588 41 Vyskytn\u00e1 nad Jihlavou \u010cesk\u00e1 republika tel.\/fax: +420 567 276 185, +420 567 276 203 mobil: +420 603 845 298 I\u010cO: 26238179 DI\u010c: CZ26238179 e-mail: info@m-kovo.cz web: www.kovoran.cz Spisov\u00e1 zna\u010dka:C 39032 veden\u00e1 u Krajsk\u00e9ho soudu v Brn\u011b<\/p>\n","protected":false},"author":2,"featured_media":0,"parent":0,"menu_order":0,"comment_status":"closed","ping_status":"closed","template":"","meta":{"footnotes":""},"class_list":["post-125","page","type-page","status-publish","hentry"],"_links":{"self":[{"href":"https:\/\/www.m-kovo.cz\/index.php\/wp-json\/wp\/v2\/pages\/125","targetHints":{"allow":["GET"]}}],"collection":[{"href":"https:\/\/www.m-kovo.cz\/index.php\/wp-json\/wp\/v2\/pages"}],"about":[{"href":"https:\/\/www.m-kovo.cz\/index.php\/wp-json\/wp\/v2\/types\/page"}],"author":[{"embeddable":true,"href":"https:\/\/www.m-kovo.cz\/index.php\/wp-json\/wp\/v2\/users\/2"}],"replies":[{"embeddable":true,"href":"https:\/\/www.m-kovo.cz\/index.php\/wp-json\/wp\/v2\/comments?post=125"}],"version-history":[{"count":5,"href":"https:\/\/www.m-kovo.cz\/index.php\/wp-json\/wp\/v2\/pages\/125\/revisions"}],"predecessor-version":[{"id":315,"href":"https:\/\/www.m-kovo.cz\/index.php\/wp-json\/wp\/v2\/pages\/125\/revisions\/315"}],"wp:attachment":[{"href":"https:\/\/www.m-kovo.cz\/index.php\/wp-json\/wp\/v2\/media?parent=125"}],"curies":[{"name":"wp","href":"https:\/\/api.w.org\/{rel}","templated":true}]}}