{"id":122,"date":"2023-09-01T09:13:15","date_gmt":"2023-09-01T07:13:15","guid":{"rendered":"https:\/\/www.m-kovo.cz\/?page_id=122"},"modified":"2025-04-14T13:41:39","modified_gmt":"2025-04-14T11:41:39","slug":"volna-mista","status":"publish","type":"page","link":"https:\/\/www.m-kovo.cz\/index.php\/volna-mista\/","title":{"rendered":"Voln\u00e1 m\u00edsta"},"content":{"rendered":"\n<p><strong>Aktu\u00e1ln\u011b nepopt\u00e1v\u00e1me nov\u00e9 zam\u011bstnance<\/strong>.<\/p>\n\n\n\n<p><\/p>\n","protected":false},"excerpt":{"rendered":"<p>Aktu\u00e1ln\u011b nepopt\u00e1v\u00e1me nov\u00e9 zam\u011bstnance.<\/p>\n","protected":false},"author":2,"featured_media":0,"parent":0,"menu_order":0,"comment_status":"closed","ping_status":"closed","template":"","meta":{"footnotes":""},"class_list":["post-122","page","type-page","status-publish","hentry"],"_links":{"self":[{"href":"https:\/\/www.m-kovo.cz\/index.php\/wp-json\/wp\/v2\/pages\/122","targetHints":{"allow":["GET"]}}],"collection":[{"href":"https:\/\/www.m-kovo.cz\/index.php\/wp-json\/wp\/v2\/pages"}],"about":[{"href":"https:\/\/www.m-kovo.cz\/index.php\/wp-json\/wp\/v2\/types\/page"}],"author":[{"embeddable":true,"href":"https:\/\/www.m-kovo.cz\/index.php\/wp-json\/wp\/v2\/users\/2"}],"replies":[{"embeddable":true,"href":"https:\/\/www.m-kovo.cz\/index.php\/wp-json\/wp\/v2\/comments?post=122"}],"version-history":[{"count":6,"href":"https:\/\/www.m-kovo.cz\/index.php\/wp-json\/wp\/v2\/pages\/122\/revisions"}],"predecessor-version":[{"id":362,"href":"https:\/\/www.m-kovo.cz\/index.php\/wp-json\/wp\/v2\/pages\/122\/revisions\/362"}],"wp:attachment":[{"href":"https:\/\/www.m-kovo.cz\/index.php\/wp-json\/wp\/v2\/media?parent=122"}],"curies":[{"name":"wp","href":"https:\/\/api.w.org\/{rel}","templated":true}]}}